{"id":2259,"date":"2023-05-02T12:25:56","date_gmt":"2023-05-02T10:25:56","guid":{"rendered":"https:\/\/brainraise.ch\/treatment-examples\/"},"modified":"2024-04-08T04:03:06","modified_gmt":"2024-04-08T02:03:06","slug":"treatment-examples","status":"publish","type":"page","link":"https:\/\/brainraise.ch\/en\/treatment-examples\/","title":{"rendered":"Treatment examples"},"content":{"rendered":"<p><div class=\"fusion-fullwidth fullwidth-box fusion-builder-row-1 fusion-flex-container fusion-parallax-fixed nonhundred-percent-fullwidth non-hundred-percent-height-scrolling lazyload\" style=\"--awb-border-radius-top-left:0px;--awb-border-radius-top-right:0px;--awb-border-radius-bottom-right:0px;--awb-border-radius-bottom-left:0px;--awb-padding-top:0px;--awb-padding-right:150px;--awb-padding-bottom:0px;--awb-padding-left:150px;--awb-padding-right-medium:80px;--awb-padding-bottom-medium:80px;--awb-padding-left-medium:80px;--awb-padding-right-small:30px;--awb-padding-left-small:30px;--awb-margin-bottom:0px;--awb-background-size:cover;--awb-flex-wrap:wrap;background-attachment:fixed;\" data-bg=\"https:\/\/brainraise.ch\/wp-content\/uploads\/2024\/01\/iStock-1141399800.jpg\" ><div class=\"fusion-builder-row fusion-row fusion-flex-align-items-stretch fusion-flex-content-wrap\" style=\"max-width:1424.8px;margin-left: calc(-4% \/ 2 );margin-right: calc(-4% \/ 2 );\"><div class=\"fusion-layout-column fusion_builder_column fusion-builder-column-0 fusion_builder_column_1_2 1_2 fusion-flex-column fusion-flex-align-self-center fusion-animated\" style=\"--awb-padding-top:60px;--awb-padding-right:60px;--awb-padding-bottom:60px;--awb-padding-left:60px;--awb-padding-top-medium:30px;--awb-padding-right-medium:30px;--awb-padding-bottom-medium:30px;--awb-padding-left-medium:30px;--awb-padding-top-small:30px;--awb-padding-right-small:30px;--awb-padding-bottom-small:30px;--awb-padding-left-small:30px;--awb-bg-color:rgba(255,255,255,0.71);--awb-bg-color-hover:rgba(255,255,255,0.71);--awb-bg-size:cover;--awb-width-large:50%;--awb-margin-top-large:170px;--awb-spacing-right-large:0px;--awb-margin-bottom-large:60px;--awb-spacing-left-large:3.84%;--awb-width-medium:100%;--awb-order-medium:0;--awb-spacing-right-medium:0px;--awb-margin-bottom-medium:0px;--awb-spacing-left-medium:0px;--awb-width-small:100%;--awb-order-small:0;--awb-spacing-right-small:1.92%;--awb-margin-bottom-small:0px;--awb-spacing-left-small:1.92%;\" data-animationType=\"slideInLeft\" data-animationDuration=\"1.0\" data-animationOffset=\"top-into-view\"><div class=\"fusion-column-wrapper fusion-column-has-shadow fusion-flex-justify-content-flex-start fusion-content-layout-column\"><div class=\"fusion-title title fusion-title-1 fusion-sep-none fusion-title-text fusion-title-size-one\" style=\"--awb-margin-bottom:20px;\"><h1 class=\"fusion-title-heading title-heading-left fusion-responsive-typography-calculated\" style=\"margin:0;--fontSize:55;line-height:var(--awb-typography1-line-height);\">Treatment examples<\/h1><\/div><div class=\"fusion-text fusion-text-1\"><p>Detailed treatment examples will appear here shortly<\/p>\n<\/div><\/div><\/div><\/div><\/div><div class=\"fusion-fullwidth fullwidth-box fusion-builder-row-2 fusion-flex-container nonhundred-percent-fullwidth non-hundred-percent-height-scrolling fusion-custom-z-index\" style=\"--awb-border-radius-top-left:0px;--awb-border-radius-top-right:0px;--awb-border-radius-bottom-right:0px;--awb-border-radius-bottom-left:0px;--awb-z-index:99;--awb-padding-top:0px;--awb-padding-bottom:0px;--awb-padding-top-medium:80px;--awb-padding-bottom-medium:80px;--awb-padding-right-small:30px;--awb-padding-left-small:30px;--awb-margin-bottom:0px;--awb-background-color:var(--awb-color1);--awb-flex-wrap:wrap;\" ><div class=\"fusion-builder-row fusion-row fusion-flex-align-items-center fusion-flex-content-wrap\" style=\"max-width:1424.8px;margin-left: calc(-4% \/ 2 );margin-right: calc(-4% \/ 2 );\"><div class=\"fusion-layout-column fusion_builder_column fusion-builder-column-1 fusion_builder_column_1_2 1_2 fusion-flex-column info fusion-animated\" style=\"--awb-z-index:9999;--awb-padding-top:100px;--awb-padding-right:83px;--awb-padding-bottom:100px;--awb-padding-left:60px;--awb-padding-top-medium:30px;--awb-padding-right-medium:30px;--awb-padding-bottom-medium:30px;--awb-padding-left-medium:30px;--awb-padding-top-small:30px;--awb-padding-right-small:30px;--awb-padding-bottom-small:30px;--awb-padding-left-small:30px;--awb-bg-color:rgba(247,247,247,0);--awb-bg-color-hover:rgba(247,247,247,0);--awb-bg-image:linear-gradient(270deg, rgba(247,247,247,0.1) 0%,var(--awb-color1) 9%);--awb-bg-size:cover;--awb-width-large:50%;--awb-margin-top-large:0px;--awb-spacing-right-large:-235px;--awb-margin-bottom-large:-300px;--awb-spacing-left-large:3.84%;--awb-width-medium:100%;--awb-order-medium:0;--awb-margin-top-medium:0px;--awb-spacing-right-medium:0px;--awb-margin-bottom-medium:0px;--awb-spacing-left-medium:0px;--awb-width-small:100%;--awb-order-small:1;--awb-spacing-right-small:0px;--awb-spacing-left-small:0px;\" data-animationType=\"slideInLeft\" data-animationDuration=\"1.0\" data-animationOffset=\"top-into-view\"><div class=\"fusion-column-wrapper fusion-column-has-shadow fusion-flex-justify-content-flex-start fusion-content-layout-column\"><div class=\"fusion-title title fusion-title-2 fusion-sep-none fusion-title-text fusion-title-size-two\"><h2 class=\"fusion-title-heading title-heading-left fusion-responsive-typography-calculated\" style=\"margin:0;--fontSize:50;line-height:var(--awb-custom_typography_1-line-height);\">Contact us<\/h2><\/div><div class=\"fusion-separator\" style=\"align-self: flex-start;margin-right:auto;margin-top:20px;margin-bottom:30px;width:100%;max-width:75px;\"><div class=\"fusion-separator-border sep-single sep-solid\" style=\"--awb-height:20px;--awb-amount:20px;--awb-sep-color:var(--awb-color5);border-color:var(--awb-color5);border-top-width:4px;\"><\/div><\/div><div class=\"fusion-text fusion-text-2\" style=\"--awb-content-alignment:left;\"><p>For an informative and non-binding discussion, please contact us by phone +<a href=\"tel:+41766105195\">41 (0) 76 610 51 95<\/a> or email <a href=\"malto:info@brainraise.ch\">info@brainraise.ch.<\/a><\/p>\n<\/div><div style=\"text-align:left;\"><a class=\"fusion-button button-flat fusion-button-default-size button-default fusion-button-default button-1 fusion-button-default-span fusion-button-default-type\" target=\"_self\" href=\"https:\/\/brainraise.ch\/en\/contact\/\"><i class=\"fa-arrow-right fas button-icon-left\" aria-hidden=\"true\"><\/i><span class=\"fusion-button-text\">Contact now!<\/span><\/a><\/div><\/div><\/div><div class=\"fusion-layout-column fusion_builder_column fusion-builder-column-2 fusion_builder_column_1_2 1_2 fusion-flex-column fusion-flex-align-self-stretch\" style=\"--awb-z-index:999;--awb-bg-size:cover;--awb-width-large:50%;--awb-margin-top-large:0px;--awb-spacing-right-large:3.84%;--awb-margin-bottom-large:-300px;--awb-spacing-left-large:-40px;--awb-width-medium:100%;--awb-order-medium:0;--awb-margin-top-medium:0px;--awb-spacing-right-medium:0px;--awb-margin-bottom-medium:0px;--awb-spacing-left-medium:0px;--awb-width-small:100%;--awb-order-small:0;--awb-spacing-right-small:1.92%;--awb-margin-bottom-small:0px;--awb-spacing-left-small:1.92%;\"><div class=\"fusion-column-wrapper fusion-column-has-shadow fusion-flex-justify-content-space-between fusion-content-layout-column\"><div class=\"shortcode-map fusion-google-map fusion-maps-embed-type\" style=\"--awb-margin-bottom:-30px;\"> <div class=\"brlbs-cmpnt-container brlbs-cmpnt-content-blocker\" data-borlabs-cookie-content-blocker-id=\"google-maps\" data-borlabs-cookie-content=\"PGlmcmFtZSB3aWR0aD0iMTAwJSIgaGVpZ2h0PSI1MDZweCIgZnJhbWVib3JkZXI9IjAiIHN0eWxlPSJib3JkZXI6MCIgc3JjPSJodHRwczovL3d3dy5nb29nbGUuY29tL21hcHMvZW1iZWQvdjEvcGxhY2U\/a2V5PUFJemFTeUNUbFVxRXdCTlZaS2NXYUVBemdMcVFNOTRTdGlGbkY1cyZsYW5ndWFnZT1lbiZxPVdlaG50YWxlcnN0cmFzc2UrNTgsKzgwNzUrWsO8cmljaCsmbWFwdHlwZT1yb2FkbWFwJnpvb209MTQiIGFsbG93ZnVsbHNjcmVlbj48L2lmcmFtZT4=\" ><div class=\"brlbs-cmpnt-cb-preset-b brlbs-cmpnt-cb-google-maps\"> <div class=\"brlbs-cmpnt-cb-thumbnail\" style=\"background-image: url('https:\/\/brainraise.ch\/wp-content\/uploads\/borlabs-cookie\/1\/brlbs-cb-google-maps-main.png')\"><\/div> <div class=\"brlbs-cmpnt-cb-main\"> <div class=\"brlbs-cmpnt-cb-content\"> <p class=\"brlbs-cmpnt-cb-description\">You are currently viewing a placeholder content from <strong>Google Maps<\/strong>. To access the actual content, click the button below. Please note that doing so will share data with third-party providers.<\/p> <a class=\"brlbs-cmpnt-cb-provider-toggle\" href=\"#\" data-borlabs-cookie-show-provider-information role=\"button\">More Information<\/a> <\/div> <div class=\"brlbs-cmpnt-cb-buttons\"> <a class=\"brlbs-cmpnt-cb-btn\" href=\"#\" data-borlabs-cookie-unblock role=\"button\">Unblock content<\/a> <a class=\"brlbs-cmpnt-cb-btn\" href=\"#\" data-borlabs-cookie-accept-service role=\"button\" style=\"display: inherit\">Accept required service and unblock content<\/a> <\/div> <\/div> <\/div><\/div><\/div><\/div><\/div><\/div><\/div><div class=\"fusion-fullwidth fullwidth-box fusion-builder-row-3 fusion-flex-container has-pattern-background has-mask-background fusion-parallax-none nonhundred-percent-fullwidth non-hundred-percent-height-scrolling lazyload fusion-custom-z-index\" style=\"--awb-border-radius-top-left:0px;--awb-border-radius-top-right:0px;--awb-border-radius-bottom-right:0px;--awb-border-radius-bottom-left:0px;--awb-z-index:88;--awb-padding-bottom:80px;--awb-background-size:cover;--awb-flex-wrap:wrap;\" data-bg=\"https:\/\/brainraise.ch\/wp-content\/uploads\/2023\/01\/beautiful-emerald-lake-yoho-national-park-british-columbia-canada.jpg\" ><div class=\"fusion-builder-row fusion-row fusion-flex-align-items-flex-start fusion-flex-content-wrap\" style=\"max-width:1424.8px;margin-left: calc(-4% \/ 2 );margin-right: calc(-4% \/ 2 );\"><div class=\"fusion-layout-column fusion_builder_column fusion-builder-column-3 fusion_builder_column_1_1 1_1 fusion-flex-column\" style=\"--awb-z-index:888;--awb-padding-top:220px;--awb-padding-bottom:90px;--awb-bg-size:cover;--awb-width-large:100%;--awb-margin-top-large:0px;--awb-spacing-right-large:1.92%;--awb-margin-bottom-large:0px;--awb-spacing-left-large:1.92%;--awb-width-medium:100%;--awb-order-medium:0;--awb-spacing-right-medium:1.92%;--awb-spacing-left-medium:1.92%;--awb-width-small:100%;--awb-order-small:0;--awb-spacing-right-small:1.92%;--awb-spacing-left-small:1.92%;\"><div class=\"fusion-column-wrapper fusion-column-has-shadow fusion-flex-justify-content-flex-start fusion-content-layout-column\"><\/div><\/div><\/div><\/div><\/p>\n","protected":false},"excerpt":{"rendered":"","protected":false},"author":2,"featured_media":0,"parent":0,"menu_order":0,"comment_status":"closed","ping_status":"closed","template":"100-width.php","meta":{"_acf_changed":false,"footnotes":""},"class_list":["post-2259","page","type-page","status-publish","hentry"],"acf":[],"yoast_head":"<!-- This site is optimized with the Yoast SEO plugin v22.5 - https:\/\/yoast.com\/wordpress\/plugins\/seo\/ -->\n<title>Behandlung bei Sch\u00e4del-Hirn-Trauma | Behandlungsbeispiele<\/title>\n<meta name=\"description\" content=\"Entdecke wirksame Behandlungen bei Sch\u00e4del-Hirn-Trauma. Praxisbeispiele f\u00fcr erfolgreiche Rehabilitation. Find out more here!\" \/>\n<meta name=\"robots\" content=\"index, follow, max-snippet:-1, max-image-preview:large, max-video-preview:-1\" \/>\n<link rel=\"canonical\" href=\"https:\/\/brainraise.ch\/en\/treatment-examples\/\" \/>\n<meta property=\"og:locale\" content=\"en_US\" \/>\n<meta property=\"og:type\" content=\"article\" \/>\n<meta property=\"og:title\" content=\"Behandlung bei Sch\u00e4del-Hirn-Trauma | Behandlungsbeispiele\" \/>\n<meta property=\"og:description\" content=\"Entdecke wirksame Behandlungen bei Sch\u00e4del-Hirn-Trauma. Praxisbeispiele f\u00fcr erfolgreiche Rehabilitation. Find out more here!\" \/>\n<meta property=\"og:url\" content=\"https:\/\/brainraise.ch\/en\/treatment-examples\/\" \/>\n<meta property=\"og:site_name\" content=\"BrainRaise\" \/>\n<meta property=\"article:modified_time\" content=\"2024-04-08T02:03:06+00:00\" \/>\n<meta name=\"twitter:card\" content=\"summary_large_image\" \/>\n<meta name=\"twitter:label1\" content=\"Est. reading time\" \/>\n\t<meta name=\"twitter:data1\" content=\"21 minutes\" \/>\n<script type=\"application\/ld+json\" class=\"yoast-schema-graph\">{\"@context\":\"https:\/\/schema.org\",\"@graph\":[{\"@type\":\"WebPage\",\"@id\":\"https:\/\/brainraise.ch\/en\/treatment-examples\/\",\"url\":\"https:\/\/brainraise.ch\/en\/treatment-examples\/\",\"name\":\"Behandlung bei Sch\u00e4del-Hirn-Trauma | Behandlungsbeispiele\",\"isPartOf\":{\"@id\":\"https:\/\/brainraise.ch\/en\/#website\"},\"datePublished\":\"2023-05-02T10:25:56+00:00\",\"dateModified\":\"2024-04-08T02:03:06+00:00\",\"description\":\"Entdecke wirksame Behandlungen bei Sch\u00e4del-Hirn-Trauma. Praxisbeispiele f\u00fcr erfolgreiche Rehabilitation. Find out more here!\",\"breadcrumb\":{\"@id\":\"https:\/\/brainraise.ch\/en\/treatment-examples\/#breadcrumb\"},\"inLanguage\":\"en-US\",\"potentialAction\":[{\"@type\":\"ReadAction\",\"target\":[\"https:\/\/brainraise.ch\/en\/treatment-examples\/\"]}]},{\"@type\":\"BreadcrumbList\",\"@id\":\"https:\/\/brainraise.ch\/en\/treatment-examples\/#breadcrumb\",\"itemListElement\":[{\"@type\":\"ListItem\",\"position\":1,\"name\":\"Home\",\"item\":\"https:\/\/brainraise.ch\/en\/\"},{\"@type\":\"ListItem\",\"position\":2,\"name\":\"Treatment examples\"}]},{\"@type\":\"WebSite\",\"@id\":\"https:\/\/brainraise.ch\/en\/#website\",\"url\":\"https:\/\/brainraise.ch\/en\/\",\"name\":\"BrainRaise\",\"description\":\"\",\"publisher\":{\"@id\":\"https:\/\/brainraise.ch\/en\/#organization\"},\"potentialAction\":[{\"@type\":\"SearchAction\",\"target\":{\"@type\":\"EntryPoint\",\"urlTemplate\":\"https:\/\/brainraise.ch\/en\/?s={search_term_string}\"},\"query-input\":\"required name=search_term_string\"}],\"inLanguage\":\"en-US\"},{\"@type\":\"Organization\",\"@id\":\"https:\/\/brainraise.ch\/en\/#organization\",\"name\":\"BrainRaise\",\"url\":\"https:\/\/brainraise.ch\/en\/\",\"logo\":{\"@type\":\"ImageObject\",\"inLanguage\":\"en-US\",\"@id\":\"https:\/\/brainraise.ch\/en\/#\/schema\/logo\/image\/\",\"url\":\"https:\/\/brainraise.ch\/wp-content\/uploads\/2023\/01\/fav.png\",\"contentUrl\":\"https:\/\/brainraise.ch\/wp-content\/uploads\/2023\/01\/fav.png\",\"width\":80,\"height\":80,\"caption\":\"BrainRaise\"},\"image\":{\"@id\":\"https:\/\/brainraise.ch\/en\/#\/schema\/logo\/image\/\"}}]}<\/script>\n<!-- \/ Yoast SEO plugin. -->","yoast_head_json":{"title":"Behandlung bei Sch\u00e4del-Hirn-Trauma | Behandlungsbeispiele","description":"Entdecke wirksame Behandlungen bei Sch\u00e4del-Hirn-Trauma. Praxisbeispiele f\u00fcr erfolgreiche Rehabilitation. Find out more here!","robots":{"index":"index","follow":"follow","max-snippet":"max-snippet:-1","max-image-preview":"max-image-preview:large","max-video-preview":"max-video-preview:-1"},"canonical":"https:\/\/brainraise.ch\/en\/treatment-examples\/","og_locale":"en_US","og_type":"article","og_title":"Behandlung bei Sch\u00e4del-Hirn-Trauma | Behandlungsbeispiele","og_description":"Entdecke wirksame Behandlungen bei Sch\u00e4del-Hirn-Trauma. Praxisbeispiele f\u00fcr erfolgreiche Rehabilitation. Find out more here!","og_url":"https:\/\/brainraise.ch\/en\/treatment-examples\/","og_site_name":"BrainRaise","article_modified_time":"2024-04-08T02:03:06+00:00","twitter_card":"summary_large_image","twitter_misc":{"Est. reading time":"21 minutes"},"schema":{"@context":"https:\/\/schema.org","@graph":[{"@type":"WebPage","@id":"https:\/\/brainraise.ch\/en\/treatment-examples\/","url":"https:\/\/brainraise.ch\/en\/treatment-examples\/","name":"Behandlung bei Sch\u00e4del-Hirn-Trauma | Behandlungsbeispiele","isPartOf":{"@id":"https:\/\/brainraise.ch\/en\/#website"},"datePublished":"2023-05-02T10:25:56+00:00","dateModified":"2024-04-08T02:03:06+00:00","description":"Entdecke wirksame Behandlungen bei Sch\u00e4del-Hirn-Trauma. Praxisbeispiele f\u00fcr erfolgreiche Rehabilitation. Find out more here!","breadcrumb":{"@id":"https:\/\/brainraise.ch\/en\/treatment-examples\/#breadcrumb"},"inLanguage":"en-US","potentialAction":[{"@type":"ReadAction","target":["https:\/\/brainraise.ch\/en\/treatment-examples\/"]}]},{"@type":"BreadcrumbList","@id":"https:\/\/brainraise.ch\/en\/treatment-examples\/#breadcrumb","itemListElement":[{"@type":"ListItem","position":1,"name":"Home","item":"https:\/\/brainraise.ch\/en\/"},{"@type":"ListItem","position":2,"name":"Treatment examples"}]},{"@type":"WebSite","@id":"https:\/\/brainraise.ch\/en\/#website","url":"https:\/\/brainraise.ch\/en\/","name":"BrainRaise","description":"","publisher":{"@id":"https:\/\/brainraise.ch\/en\/#organization"},"potentialAction":[{"@type":"SearchAction","target":{"@type":"EntryPoint","urlTemplate":"https:\/\/brainraise.ch\/en\/?s={search_term_string}"},"query-input":"required name=search_term_string"}],"inLanguage":"en-US"},{"@type":"Organization","@id":"https:\/\/brainraise.ch\/en\/#organization","name":"BrainRaise","url":"https:\/\/brainraise.ch\/en\/","logo":{"@type":"ImageObject","inLanguage":"en-US","@id":"https:\/\/brainraise.ch\/en\/#\/schema\/logo\/image\/","url":"https:\/\/brainraise.ch\/wp-content\/uploads\/2023\/01\/fav.png","contentUrl":"https:\/\/brainraise.ch\/wp-content\/uploads\/2023\/01\/fav.png","width":80,"height":80,"caption":"BrainRaise"},"image":{"@id":"https:\/\/brainraise.ch\/en\/#\/schema\/logo\/image\/"}}]}},"_links":{"self":[{"href":"https:\/\/brainraise.ch\/en\/wp-json\/wp\/v2\/pages\/2259","targetHints":{"allow":["GET"]}}],"collection":[{"href":"https:\/\/brainraise.ch\/en\/wp-json\/wp\/v2\/pages"}],"about":[{"href":"https:\/\/brainraise.ch\/en\/wp-json\/wp\/v2\/types\/page"}],"author":[{"embeddable":true,"href":"https:\/\/brainraise.ch\/en\/wp-json\/wp\/v2\/users\/2"}],"replies":[{"embeddable":true,"href":"https:\/\/brainraise.ch\/en\/wp-json\/wp\/v2\/comments?post=2259"}],"version-history":[{"count":7,"href":"https:\/\/brainraise.ch\/en\/wp-json\/wp\/v2\/pages\/2259\/revisions"}],"predecessor-version":[{"id":2838,"href":"https:\/\/brainraise.ch\/en\/wp-json\/wp\/v2\/pages\/2259\/revisions\/2838"}],"wp:attachment":[{"href":"https:\/\/brainraise.ch\/en\/wp-json\/wp\/v2\/media?parent=2259"}],"curies":[{"name":"wp","href":"https:\/\/api.w.org\/{rel}","templated":true}]}}